{"id":41,"date":"2016-03-08T22:24:24","date_gmt":"2016-03-08T21:24:24","guid":{"rendered":"http:\/\/domovina-balkan.de\/en\/?page_id=41"},"modified":"2021-05-09T16:20:55","modified_gmt":"2021-05-09T14:20:55","slug":"about-us","status":"publish","type":"page","link":"https:\/\/domovina-balkan.de\/en\/about-us\/","title":{"rendered":"About Us"},"content":{"rendered":"<ul>\n<li>\n<div>\n<h3 class=\"uk-text-center\" data-id=\"page#0-0-0-0\"><img loading=\"lazy\" decoding=\"async\" class=\"alignnone wp-image-632\" src=\"https:\/\/domovina-balkan.de\/wp-content\/uploads\/2021\/01\/telefon.png\" alt=\"\" width=\"50\" height=\"50\" \/> \u00a0<a href=\"tel:+498958 90 97 77\">+49 (0)89 \/ 58 90 97 77<\/a><\/h3>\n<\/div>\n<\/li>\n<li>\n<div>\n<h3 class=\"uk-text-center\" data-id=\"page#0-0-0-0\"><img loading=\"lazy\" decoding=\"async\" class=\"alignnone wp-image-631\" src=\"https:\/\/domovina-balkan.de\/wp-content\/uploads\/2021\/01\/phone.png\" alt=\"\" width=\"50\" height=\"50\" \/> \u00a0<a href=\"tel:4915111 54 12 78\">+49 (0)151 \/ 11 54 12 78<\/a><\/h3>\n<\/div>\n<\/li>\n<li>\n<div>\n<h3 class=\"uk-text-center\" data-id=\"page#0-0-0-0\"><img loading=\"lazy\" decoding=\"async\" class=\"alignnone wp-image-633\" src=\"https:\/\/domovina-balkan.de\/wp-content\/uploads\/2021\/01\/mail.png\" alt=\"\" width=\"50\" height=\"50\" \/>\u00a0 <a href=\"mailto:info@domovina-balkan.de\">info@domovina-balkan.de<\/a><\/h3>\n<\/div>\n<\/li>\n<\/ul>\n<div>\n<h3>Domovina GmbH &#8211; Lohenstr. 12 &#8211; 82166 Gr\u00e4felfing b. M\u00fcnchen<\/h3>\n<\/div>\n<div>\n<h1 class=\"uk-article-title\">Imprint<\/h1>\n<div class=\"uk-margin-medium\" property=\"text\">\n<h2>DOMOVINA GmbH<\/h2>\n<p>Lohenstr. 12<br \/>82166 Gr\u00e4felfing b. M\u00fcnchen<\/p>\n<p>Tel: +49 89 \/ 58 90 97 77<\/p>\n<p>Mobil: +49 151 \/ 11 54 12 78<\/p>\n<p>Fax: +49 89 \/ 58 90 97 78<\/p>\n<p>E-Mail: info@domovina-balkan.de<\/p>\n<h3>Represented by<\/h3>\n<p><strong>Nizamettin Kilinc<\/strong><\/p>\n<h3>Contact<\/h3>\n<p>Tel: +49 89 \/ 58 90 97 77<\/p>\n<p>Mobile: +49 151 \/ 11 54 12 78<\/p>\n<p>Fax: +49 89 \/ 58 90 97 78<\/p>\n<h3>Registered<\/h3>\n<p>Registered in Handelsregister B M\u00fcnchen<\/p>\n<p>Register court: Amtsgericht M\u00fcnchen<\/p>\n<p>Handelsregisternummer: HRB 218588<\/p>\n<h3>value added tax-ID<\/h3>\n<p>DE 30 06 38 236<\/p>\n<hr \/>\n<h3>Image sources<\/h3>\n<p>\u00a9 anidimi \u2013 Fotolia.com<br \/>\u00a9 haspil \u2013 Fotolia.com<br \/>\u00a9 LianeM \u2013 Fotolia.com<br \/>\u00a9 kostrez \u2013 Fotolia.com<br \/>\u00a9 reeel \u2013 stock.adobe.com<br \/>\u00a9 Lena Varzar &#8211; Unsplash<\/p>\n<hr \/>\n<h1>Haftungsausschluss (Disclaimer)<\/h1>\n<p><strong>Haftung f\u00fcr Inhalte<\/strong><\/p>\n<p>Als Diensteanbieter sind wir gem\u00e4\u00df \u00a7 7 Abs.1 TMG f\u00fcr eigene Inhalte auf diesen Seiten nach den allgemeinen Gesetzen verantwortlich. Nach \u00a7\u00a7 8 bis 10 TMG sind wir als Diensteanbieter jedoch nicht verpflichtet, \u00fcbermittelte oder gespeicherte fremde Informationen zu \u00fcberwachen oder nach Umst\u00e4nden zu forschen, die auf eine rechtswidrige T\u00e4tigkeit hinweisen. Verpflichtungen zur Entfernung oder Sperrung der Nutzung von Informationen nach den allgemeinen Gesetzen bleiben hiervon unber\u00fchrt. Eine diesbez\u00fcgliche Haftung ist jedoch erst ab dem Zeitpunkt der Kenntnis einer konkreten Rechtsverletzung m\u00f6glich. Bei Bekanntwerden von entsprechenden Rechtsverletzungen werden wir diese Inhalte umgehend entfernen.<\/p>\n<p><strong>Haftung f\u00fcr Links<\/strong><\/p>\n<p>Unser Angebot enth\u00e4lt Links zu externen Webseiten Dritter, auf deren Inhalte wir keinen Einfluss haben. Deshalb k\u00f6nnen wir f\u00fcr diese fremden Inhalte auch keine Gew\u00e4hr \u00fcbernehmen. F\u00fcr die Inhalte der verlinkten Seiten ist stets der jeweilige Anbieter oder Betreiber der Seiten verantwortlich. Die verlinkten Seiten wurden zum Zeitpunkt der Verlinkung auf m\u00f6gliche Rechtsverst\u00f6\u00dfe \u00fcberpr\u00fcft. Rechtswidrige Inhalte waren zum Zeitpunkt der Verlinkung nicht erkennbar. Eine permanente inhaltliche Kontrolle der verlinkten Seiten ist jedoch ohne konkrete Anhaltspunkte einer Rechtsverletzung nicht zumutbar. Bei Bekanntwerden von Rechtsverletzungen werden wir derartige Links umgehend entfernen.<\/p>\n<p><strong>Urheberrecht<\/strong><\/p>\n<p>Die durch die Seitenbetreiber erstellten Inhalte und Werke auf diesen Seiten unterliegen dem deutschen Urheberrecht. Die Vervielf\u00e4ltigung, Bearbeitung, Verbreitung und jede Art der Verwertung au\u00dferhalb der Grenzen des Urheberrechtes bed\u00fcrfen der schriftlichen Zustimmung des jeweiligen Autors bzw. Erstellers. Downloads und Kopien dieser Seite sind nur f\u00fcr den privaten, nicht kommerziellen Gebrauch gestattet. Soweit die Inhalte auf dieser Seite nicht vom Betreiber erstellt wurden, werden die Urheberrechte Dritter beachtet. Insbesondere werden Inhalte Dritter als solche gekennzeichnet. Sollten Sie trotzdem auf eine Urheberrechtsverletzung aufmerksam werden, bitten wir um einen entsprechenden Hinweis. Bei Bekanntwerden von Rechtsverletzungen werden wir derartige Inhalte umgehend entfernen.<\/p>\n<p><em>Quellverweis:<span>\u00a0<\/span><a href=\"http:\/\/www.e-recht24.de\/muster-disclaimer.html\" target=\"_blank\" rel=\"nofollow noopener\">eRecht24<\/a><\/em><\/p>\n<\/div>\n<\/div>\n<ul>\n<li>\n        <a href=\"\/en\/contact\/\">Contact<\/a>\n    <\/li>\n<li>\n        <a href=\"\/en\/about-us\/\">Imprint<\/a>\n    <\/li>\n<li>\n        <a href=\"\/en\/privacy-policy\/\">Privacy policy<\/a>\n    <\/li>\n<li>\n        <a href=\"\/en\/wp-content\/uploads\/2017\/06\/domovina-agb.pdf\">Conditions &#038; Terms<\/a>\n    <\/li>\n<\/ul>\n<p><!--more--><br \/>\n<!-- {\"children\":[{\"type\":\"section\",\"props\":{\"style\":\"secondary\",\"width\":\"default\",\"vertical_align\":\"middle\",\"title_position\":\"top-left\",\"title_rotation\":\"left\",\"title_breakpoint\":\"xl\",\"image_position\":\"center-center\",\"padding_remove_top\":true,\"padding_remove_bottom\":true},\"children\":[{\"type\":\"row\",\"children\":[{\"type\":\"column\",\"props\":{\"image_position\":\"center-center\",\"media_overlay_gradient\":\"\"},\"children\":[{\"type\":\"grid\",\"props\":{\"show_title\":false,\"show_meta\":false,\"show_content\":true,\"show_image\":true,\"show_link\":false,\"grid_default\":\"1\",\"grid_medium\":\"3\",\"filter_style\":\"tab\",\"filter_all\":true,\"filter_position\":\"top\",\"filter_align\":\"left\",\"filter_grid_width\":\"auto\",\"filter_grid_breakpoint\":\"m\",\"title_hover_style\":\"reset\",\"title_element\":\"h3\",\"title_align\":\"top\",\"title_grid_width\":\"1-2\",\"title_grid_breakpoint\":\"m\",\"meta_style\":\"meta\",\"meta_align\":\"below-title\",\"meta_element\":\"div\",\"content_column_breakpoint\":\"m\",\"icon_width\":\"80\",\"image_align\":\"left\",\"image_grid_width\":\"auto\",\"image_grid_breakpoint\":\"m\",\"image_svg_color\":\"emphasis\",\"link_text\":\"Read more\",\"link_style\":\"default\",\"margin\":\"default\",\"item_animation\":\"\",\"grid_row_align\":true,\"grid_column_align\":true,\"content_align\":false,\"image_grid_column_gap\":\"collapse\",\"image_grid_row_gap\":\"collapse\",\"image_vertical_align\":true,\"grid_column_gap\":\"collapse\",\"grid_row_gap\":\"collapse\"},\"children\":[{\"type\":\"grid_item\",\"props\":{\"content\":\"\n\n<h3 class=\\\"uk-text-center\\\" data-id=\\\"page#0-0-0-0\\\"><img class=\\\"alignnone wp-image-632\\\" src=\\\"https:\\\/\\\/domovina-balkan.de\\\/wp-content\\\/uploads\\\/2021\\\/01\\\/telefon.png\\\" alt=\\\"\\\" width=\\\"50\\\" height=\\\"50\\\" \\\/> \\u00a0<a href=\\\"tel:+498958 90 97 77\\\">+49 (0)89 \\\/ 58 90 97 77<\\\/a><\\\/h3>\",\"image\":\"\"}},{\"type\":\"grid_item\",\"props\":{\"content\":\"\n\n<h3 class=\\\"uk-text-center\\\" data-id=\\\"page#0-0-0-0\\\"><img class=\\\"alignnone wp-image-631\\\" src=\\\"https:\\\/\\\/domovina-balkan.de\\\/wp-content\\\/uploads\\\/2021\\\/01\\\/phone.png\\\" alt=\\\"\\\" width=\\\"50\\\" height=\\\"50\\\" \\\/> \\u00a0<a href=\\\"tel:4915111 54 12 78\\\">+49 (0)151 \\\/ 11 54 12 78<\\\/a><\\\/h3>\",\"image\":\"\"}},{\"type\":\"grid_item\",\"props\":{\"content\":\"\n\n<h3 class=\\\"uk-text-center\\\" data-id=\\\"page#0-0-0-0\\\"><img class=\\\"alignnone wp-image-633\\\" src=\\\"https:\\\/\\\/domovina-balkan.de\\\/wp-content\\\/uploads\\\/2021\\\/01\\\/mail.png\\\" alt=\\\"\\\" width=\\\"50\\\" height=\\\"50\\\" \\\/>\\u00a0 <a href=\\\"mailto:info@domovina-balkan.de\\\">info@domovina-balkan.de<\\\/a><\\\/h3>\",\"image\":\"\"}}]},{\"type\":\"text\",\"props\":{\"margin\":\"default\",\"column_breakpoint\":\"m\",\"content\":\"\n\n<h3>Domovina GmbH - Lohenstr. 12 - 82166 Gr\\u00e4felfing b. M\\u00fcnchen<\\\/h3>\",\"text_style\":\"lead\",\"text_color\":\"emphasis\",\"text_align\":\"center\"}}]}]}]},{\"type\":\"section\",\"props\":{\"style\":\"muted\",\"width\":\"xlarge\",\"vertical_align\":\"middle\",\"title_position\":\"top-left\",\"title_rotation\":\"left\",\"title_breakpoint\":\"xl\",\"image_position\":\"bottom-center\",\"padding\":\"small\",\"padding_remove_top\":false,\"image\":\"\"},\"children\":[{\"type\":\"row\",\"props\":{\"width\":\"xlarge\",\"column_gap\":\"collapse\",\"row_gap\":\"small\",\"margin_remove_bottom\":false,\"margin_remove_top\":false},\"children\":[{\"type\":\"column\",\"props\":{\"image_position\":\"center-center\",\"media_overlay_gradient\":\"\",\"vertical_align\":\"middle\",\"width_medium\":\"\",\"image\":\"\",\"style\":\"default\"},\"children\":[{\"type\":\"text\",\"props\":{\"margin\":\"default\",\"column_breakpoint\":\"m\",\"content\":\"\n\n<h1 class=\\\"uk-article-title\\\">Imprint<\\\/h1>\\n\n\n<div class=\\\"uk-margin-medium\\\" property=\\\"text\\\">\\n\n\n<h2>DOMOVINA GmbH<\\\/h2>\\n\n\n<p>Lohenstr. 12<br \\\/>82166 Gr\\u00e4felfing b. M\\u00fcnchen<\\\/p>\\n\n\n<p>Tel: +49 89 \\\/ 58 90 97 77<\\\/p>\\n\n\n<p>Mobil: +49 151 \\\/ 11 54 12 78<\\\/p>\\n\n\n<p>Fax: +49 89 \\\/ 58 90 97 78<\\\/p>\\n\n\n<p>E-Mail: info@domovina-balkan.de<\\\/p>\\n\n\n<h3>Represented by<\\\/h3>\\n\n\n<p><strong>Nizamettin Kilinc<\\\/strong><\\\/p>\\n\n\n<h3>Contact<\\\/h3>\\n\n\n<p>Tel: +49 89 \\\/ 58 90 97 77<\\\/p>\\n\n\n<p>Mobile: +49 151 \\\/ 11 54 12 78<\\\/p>\\n\n\n<p>Fax: +49 89 \\\/ 58 90 97 78<\\\/p>\\n\n\n<h3>Registered<\\\/h3>\\n\n\n<p>Registered in Handelsregister B M\\u00fcnchen<\\\/p>\\n\n\n<p>Register court: Amtsgericht M\\u00fcnchen<\\\/p>\\n\n\n<p>Handelsregisternummer: HRB 218588<\\\/p>\\n\n\n<h3>value added tax-ID<\\\/h3>\\n\n\n<p>DE 30 06 38 236<\\\/p>\\n\n\n<hr \\\/>\\n\n\n<h3>Image sources<\\\/h3>\\n\n\n<p>\\u00a9 anidimi \\u2013 Fotolia.com<br \\\/>\\u00a9 haspil \\u2013 Fotolia.com<br \\\/>\\u00a9 LianeM \\u2013 Fotolia.com<br \\\/>\\u00a9 kostrez \\u2013 Fotolia.com<br \\\/>\\u00a9 reeel \\u2013 stock.adobe.com<br \\\/>\\u00a9 Lena Varzar - Unsplash<\\\/p>\\n\n\n<hr \\\/>\\n\n\n<h1>Haftungsausschluss (Disclaimer)<\\\/h1>\\n\n\n<p><strong>Haftung f\\u00fcr Inhalte<\\\/strong><\\\/p>\\n\n\n<p>Als Diensteanbieter sind wir gem\\u00e4\\u00df \\u00a7 7 Abs.1 TMG f\\u00fcr eigene Inhalte auf diesen Seiten nach den allgemeinen Gesetzen verantwortlich. Nach \\u00a7\\u00a7 8 bis 10 TMG sind wir als Diensteanbieter jedoch nicht verpflichtet, \\u00fcbermittelte oder gespeicherte fremde Informationen zu \\u00fcberwachen oder nach Umst\\u00e4nden zu forschen, die auf eine rechtswidrige T\\u00e4tigkeit hinweisen. Verpflichtungen zur Entfernung oder Sperrung der Nutzung von Informationen nach den allgemeinen Gesetzen bleiben hiervon unber\\u00fchrt. Eine diesbez\\u00fcgliche Haftung ist jedoch erst ab dem Zeitpunkt der Kenntnis einer konkreten Rechtsverletzung m\\u00f6glich. Bei Bekanntwerden von entsprechenden Rechtsverletzungen werden wir diese Inhalte umgehend entfernen.<\\\/p>\\n\n\n<p><strong>Haftung f\\u00fcr Links<\\\/strong><\\\/p>\\n\n\n<p>Unser Angebot enth\\u00e4lt Links zu externen Webseiten Dritter, auf deren Inhalte wir keinen Einfluss haben. Deshalb k\\u00f6nnen wir f\\u00fcr diese fremden Inhalte auch keine Gew\\u00e4hr \\u00fcbernehmen. F\\u00fcr die Inhalte der verlinkten Seiten ist stets der jeweilige Anbieter oder Betreiber der Seiten verantwortlich. Die verlinkten Seiten wurden zum Zeitpunkt der Verlinkung auf m\\u00f6gliche Rechtsverst\\u00f6\\u00dfe \\u00fcberpr\\u00fcft. Rechtswidrige Inhalte waren zum Zeitpunkt der Verlinkung nicht erkennbar. Eine permanente inhaltliche Kontrolle der verlinkten Seiten ist jedoch ohne konkrete Anhaltspunkte einer Rechtsverletzung nicht zumutbar. Bei Bekanntwerden von Rechtsverletzungen werden wir derartige Links umgehend entfernen.<\\\/p>\\n\n\n<p><strong>Urheberrecht<\\\/strong><\\\/p>\\n\n\n<p>Die durch die Seitenbetreiber erstellten Inhalte und Werke auf diesen Seiten unterliegen dem deutschen Urheberrecht. Die Vervielf\\u00e4ltigung, Bearbeitung, Verbreitung und jede Art der Verwertung au\\u00dferhalb der Grenzen des Urheberrechtes bed\\u00fcrfen der schriftlichen Zustimmung des jeweiligen Autors bzw. Erstellers. Downloads und Kopien dieser Seite sind nur f\\u00fcr den privaten, nicht kommerziellen Gebrauch gestattet. Soweit die Inhalte auf dieser Seite nicht vom Betreiber erstellt wurden, werden die Urheberrechte Dritter beachtet. Insbesondere werden Inhalte Dritter als solche gekennzeichnet. Sollten Sie trotzdem auf eine Urheberrechtsverletzung aufmerksam werden, bitten wir um einen entsprechenden Hinweis. Bei Bekanntwerden von Rechtsverletzungen werden wir derartige Inhalte umgehend entfernen.<\\\/p>\\n\n\n<p><em>Quellverweis:<span>\\u00a0<\\\/span><a href=\\\"http:\\\/\\\/www.e-recht24.de\\\/muster-disclaimer.html\\\" target=\\\"_blank\\\" rel=\\\"nofollow noopener\\\">eRecht24<\\\/a><\\\/em><\\\/p>\\n<\\\/div>\",\"text_style\":\"lead\",\"text_align\":\"center\"}}]}]}],\"name\":\"Hersteller\"},{\"type\":\"section\",\"props\":{\"style\":\"secondary\",\"width\":\"default\",\"vertical_align\":\"middle\",\"title_position\":\"top-left\",\"title_rotation\":\"left\",\"title_breakpoint\":\"xl\",\"image_position\":\"center-center\"},\"children\":[{\"type\":\"row\",\"children\":[{\"type\":\"column\",\"props\":{\"image_position\":\"center-center\",\"media_overlay_gradient\":\"\"},\"children\":[{\"type\":\"subnav\",\"props\":{\"subnav_style\":\"divider\",\"text_align\":\"center\"},\"children\":[{\"type\":\"subnav_item\",\"props\":{\"content\":\"Contact\",\"link\":\"contact\\\/\"}},{\"type\":\"subnav_item\",\"props\":{\"content\":\"Imprint\",\"link\":\"about-us\\\/\"}},{\"type\":\"subnav_item\",\"props\":{\"content\":\"Privacy policy\",\"link\":\"privacy-policy\\\/\"}},{\"type\":\"subnav_item\",\"props\":{\"content\":\"Conditions & Terms\",\"link\":\"wp-content\\\/uploads\\\/2017\\\/06\\\/domovina-agb.pdf\"}}],\"modified\":\"2021-04-21T20:55:49.733Z\",\"name\":\"Subnab-eng\"}]}]}]}],\"version\":\"2.4.12\",\"type\":\"layout\"} --><\/p>\n","protected":false},"excerpt":{"rendered":"<p>\u00a0+49 (0)89 \/ 58 90 97 77 \u00a0+49 (0)151 \/ 11 54 12 78 \u00a0 info@domovina-balkan.de Domovina GmbH &#8211; Lohenstr. 12 &#8211; 82166 Gr\u00e4felfing b. M\u00fcnchen Imprint DOMOVINA GmbH Lohenstr. 1282166 Gr\u00e4felfing b. M\u00fcnchen Tel: +49 89 \/ 58 90 97 77 Mobil: +49 151 \/ 11 54 12 78 Fax: +49 89 \/ 58 [&hellip;]<\/p>\n","protected":false},"author":1,"featured_media":0,"parent":0,"menu_order":0,"comment_status":"closed","ping_status":"closed","template":"","meta":{"footnotes":""},"yoast_head":"<!-- This site is optimized with the Yoast SEO plugin v21.9.1 - https:\/\/yoast.com\/wordpress\/plugins\/seo\/ -->\n<title>About Us - Domovina Gmbh English<\/title>\n<meta name=\"robots\" content=\"index, follow, max-snippet:-1, max-image-preview:large, max-video-preview:-1\" \/>\n<link rel=\"canonical\" href=\"https:\/\/domovina-balkan.de\/en\/about-us\/\" \/>\n<meta property=\"og:locale\" content=\"de_DE\" \/>\n<meta property=\"og:type\" content=\"article\" \/>\n<meta property=\"og:title\" content=\"About Us - Domovina Gmbh English\" \/>\n<meta property=\"og:description\" content=\"\u00a0+49 (0)89 \/ 58 90 97 77 \u00a0+49 (0)151 \/ 11 54 12 78 \u00a0 info@domovina-balkan.de Domovina GmbH &#8211; Lohenstr. 12 &#8211; 82166 Gr\u00e4felfing b. M\u00fcnchen Imprint DOMOVINA GmbH Lohenstr. 1282166 Gr\u00e4felfing b. M\u00fcnchen Tel: +49 89 \/ 58 90 97 77 Mobil: +49 151 \/ 11 54 12 78 Fax: +49 89 \/ 58 [&hellip;]\" \/>\n<meta property=\"og:url\" content=\"https:\/\/domovina-balkan.de\/en\/about-us\/\" \/>\n<meta property=\"og:site_name\" content=\"Domovina Gmbh English\" \/>\n<meta property=\"article:modified_time\" content=\"2021-05-09T14:20:55+00:00\" \/>\n<meta property=\"og:image\" content=\"https:\/\/domovina-balkan.de\/wp-content\/uploads\/2021\/01\/telefon.png\" \/>\n<meta name=\"twitter:card\" content=\"summary_large_image\" \/>\n<meta name=\"twitter:label1\" content=\"Gesch\u00e4tzte Lesezeit\" \/>\n\t<meta name=\"twitter:data1\" content=\"2\u00a0Minuten\" \/>\n<script type=\"application\/ld+json\" class=\"yoast-schema-graph\">{\"@context\":\"https:\/\/schema.org\",\"@graph\":[{\"@type\":\"WebPage\",\"@id\":\"https:\/\/domovina-balkan.de\/en\/about-us\/\",\"url\":\"https:\/\/domovina-balkan.de\/en\/about-us\/\",\"name\":\"About Us - Domovina Gmbh English\",\"isPartOf\":{\"@id\":\"https:\/\/domovina-balkan.de\/en\/#website\"},\"datePublished\":\"2016-03-08T21:24:24+00:00\",\"dateModified\":\"2021-05-09T14:20:55+00:00\",\"breadcrumb\":{\"@id\":\"https:\/\/domovina-balkan.de\/en\/about-us\/#breadcrumb\"},\"inLanguage\":\"de\",\"potentialAction\":[{\"@type\":\"ReadAction\",\"target\":[\"https:\/\/domovina-balkan.de\/en\/about-us\/\"]}]},{\"@type\":\"BreadcrumbList\",\"@id\":\"https:\/\/domovina-balkan.de\/en\/about-us\/#breadcrumb\",\"itemListElement\":[{\"@type\":\"ListItem\",\"position\":1,\"name\":\"Home\",\"item\":\"https:\/\/domovina-balkan.de\/en\/\"},{\"@type\":\"ListItem\",\"position\":2,\"name\":\"About Us\"}]},{\"@type\":\"WebSite\",\"@id\":\"https:\/\/domovina-balkan.de\/en\/#website\",\"url\":\"https:\/\/domovina-balkan.de\/en\/\",\"name\":\"Domovina Gmbh English\",\"description\":\"Eine weitere Domovina GmbH Websites-Website\",\"potentialAction\":[{\"@type\":\"SearchAction\",\"target\":{\"@type\":\"EntryPoint\",\"urlTemplate\":\"https:\/\/domovina-balkan.de\/en\/?s={search_term_string}\"},\"query-input\":\"required name=search_term_string\"}],\"inLanguage\":\"de\"}]}<\/script>\n<!-- \/ Yoast SEO plugin. -->","yoast_head_json":{"title":"About Us - Domovina Gmbh English","robots":{"index":"index","follow":"follow","max-snippet":"max-snippet:-1","max-image-preview":"max-image-preview:large","max-video-preview":"max-video-preview:-1"},"canonical":"https:\/\/domovina-balkan.de\/en\/about-us\/","og_locale":"de_DE","og_type":"article","og_title":"About Us - Domovina Gmbh English","og_description":"\u00a0+49 (0)89 \/ 58 90 97 77 \u00a0+49 (0)151 \/ 11 54 12 78 \u00a0 info@domovina-balkan.de Domovina GmbH &#8211; Lohenstr. 12 &#8211; 82166 Gr\u00e4felfing b. M\u00fcnchen Imprint DOMOVINA GmbH Lohenstr. 1282166 Gr\u00e4felfing b. M\u00fcnchen Tel: +49 89 \/ 58 90 97 77 Mobil: +49 151 \/ 11 54 12 78 Fax: +49 89 \/ 58 [&hellip;]","og_url":"https:\/\/domovina-balkan.de\/en\/about-us\/","og_site_name":"Domovina Gmbh English","article_modified_time":"2021-05-09T14:20:55+00:00","og_image":[{"url":"https:\/\/domovina-balkan.de\/wp-content\/uploads\/2021\/01\/telefon.png"}],"twitter_card":"summary_large_image","twitter_misc":{"Gesch\u00e4tzte Lesezeit":"2\u00a0Minuten"},"schema":{"@context":"https:\/\/schema.org","@graph":[{"@type":"WebPage","@id":"https:\/\/domovina-balkan.de\/en\/about-us\/","url":"https:\/\/domovina-balkan.de\/en\/about-us\/","name":"About Us - Domovina Gmbh English","isPartOf":{"@id":"https:\/\/domovina-balkan.de\/en\/#website"},"datePublished":"2016-03-08T21:24:24+00:00","dateModified":"2021-05-09T14:20:55+00:00","breadcrumb":{"@id":"https:\/\/domovina-balkan.de\/en\/about-us\/#breadcrumb"},"inLanguage":"de","potentialAction":[{"@type":"ReadAction","target":["https:\/\/domovina-balkan.de\/en\/about-us\/"]}]},{"@type":"BreadcrumbList","@id":"https:\/\/domovina-balkan.de\/en\/about-us\/#breadcrumb","itemListElement":[{"@type":"ListItem","position":1,"name":"Home","item":"https:\/\/domovina-balkan.de\/en\/"},{"@type":"ListItem","position":2,"name":"About Us"}]},{"@type":"WebSite","@id":"https:\/\/domovina-balkan.de\/en\/#website","url":"https:\/\/domovina-balkan.de\/en\/","name":"Domovina Gmbh English","description":"Eine weitere Domovina GmbH Websites-Website","potentialAction":[{"@type":"SearchAction","target":{"@type":"EntryPoint","urlTemplate":"https:\/\/domovina-balkan.de\/en\/?s={search_term_string}"},"query-input":"required name=search_term_string"}],"inLanguage":"de"}]}},"_links":{"self":[{"href":"https:\/\/domovina-balkan.de\/en\/wp-json\/wp\/v2\/pages\/41"}],"collection":[{"href":"https:\/\/domovina-balkan.de\/en\/wp-json\/wp\/v2\/pages"}],"about":[{"href":"https:\/\/domovina-balkan.de\/en\/wp-json\/wp\/v2\/types\/page"}],"author":[{"embeddable":true,"href":"https:\/\/domovina-balkan.de\/en\/wp-json\/wp\/v2\/users\/1"}],"replies":[{"embeddable":true,"href":"https:\/\/domovina-balkan.de\/en\/wp-json\/wp\/v2\/comments?post=41"}],"version-history":[{"count":7,"href":"https:\/\/domovina-balkan.de\/en\/wp-json\/wp\/v2\/pages\/41\/revisions"}],"predecessor-version":[{"id":524,"href":"https:\/\/domovina-balkan.de\/en\/wp-json\/wp\/v2\/pages\/41\/revisions\/524"}],"wp:attachment":[{"href":"https:\/\/domovina-balkan.de\/en\/wp-json\/wp\/v2\/media?parent=41"}],"curies":[{"name":"wp","href":"https:\/\/api.w.org\/{rel}","templated":true}]}}