{"id":44,"date":"2016-03-08T22:25:40","date_gmt":"2016-03-08T21:25:40","guid":{"rendered":"http:\/\/domovina-balkan.de\/en\/?page_id=44"},"modified":"2021-04-21T22:58:56","modified_gmt":"2021-04-21T20:58:56","slug":"contact","status":"publish","type":"page","link":"https:\/\/domovina-balkan.de\/en\/contact\/","title":{"rendered":"Contact"},"content":{"rendered":"<ul>\n<li>\n<div>\n<h3 class=\"uk-text-center\" data-id=\"page#0-0-0-0\"><img loading=\"lazy\" decoding=\"async\" class=\"alignnone wp-image-632\" src=\"https:\/\/domovina-balkan.de\/wp-content\/uploads\/2021\/01\/telefon.png\" alt=\"\" width=\"50\" height=\"50\" \/> \u00a0<a href=\"tel:+498958 90 97 77\">+49 (0)89 \/ 58 90 97 77<\/a><\/h3>\n<\/div>\n<\/li>\n<li>\n<div>\n<h3 class=\"uk-text-center\" data-id=\"page#0-0-0-0\"><img loading=\"lazy\" decoding=\"async\" class=\"alignnone wp-image-631\" src=\"https:\/\/domovina-balkan.de\/wp-content\/uploads\/2021\/01\/phone.png\" alt=\"\" width=\"50\" height=\"50\" \/> \u00a0<a href=\"tel:4915111 54 12 78\">+49 (0)151 \/ 11 54 12 78<\/a><\/h3>\n<\/div>\n<\/li>\n<li>\n<div>\n<h3 class=\"uk-text-center\" data-id=\"page#0-0-0-0\"><img loading=\"lazy\" decoding=\"async\" class=\"alignnone wp-image-633\" src=\"https:\/\/domovina-balkan.de\/wp-content\/uploads\/2021\/01\/mail.png\" alt=\"\" width=\"50\" height=\"50\" \/>\u00a0 <a href=\"mailto:info@domovina-balkan.de\">info@domovina-balkan.de<\/a><\/h3>\n<\/div>\n<\/li>\n<\/ul>\n<div>\n<h3>Domovina GmbH &#8211; Lohenstr. 12 &#8211; 82166 Gr\u00e4felfing b. M\u00fcnchen<\/h3>\n<\/div>\n<h1>Taste from the nature<br \/><span class=\"uk-text-primary\">Okus iz Prirode<\/span><\/h1>\n<div>\n<h2 style=\"text-align: center;\">Contact<\/h2>\n<h3>DOMOVINA GmbH<\/h3>\n<p>Lohenstr. 12<br \/>82166 Gr\u00e4felfing b. M\u00fcnchen<\/p>\n<p>Tel: <a href=\"tel:+498958909777\">+49 89 \/ 58 90 97 77<\/a><\/p>\n<p>Mobil: <a href=\"tel:+4915111541278\">+49 151 \/ 11 54 12 78<\/a><\/p>\n<p>Fax: +49 89 \/ 58 90 97 78<\/p>\n<p>E-Mail: info@domovina-balkan.de<\/p>\n<hr \/>\n\n<div class=\"wpcf7 no-js\" id=\"wpcf7-f47-o1\" lang=\"de-DE\" dir=\"ltr\">\n<div class=\"screen-reader-response\"><p role=\"status\" aria-live=\"polite\" aria-atomic=\"true\"><\/p> <ul><\/ul><\/div>\n<form action=\"\/en\/wp-json\/wp\/v2\/pages\/44#wpcf7-f47-o1\" method=\"post\" class=\"wpcf7-form init\" aria-label=\"Kontaktformular\" novalidate=\"novalidate\" data-status=\"init\">\n<div style=\"display: none;\">\n<input type=\"hidden\" name=\"_wpcf7\" value=\"47\" \/>\n<input type=\"hidden\" name=\"_wpcf7_version\" value=\"5.8.6\" \/>\n<input type=\"hidden\" name=\"_wpcf7_locale\" value=\"de_DE\" \/>\n<input type=\"hidden\" name=\"_wpcf7_unit_tag\" value=\"wpcf7-f47-o1\" \/>\n<input type=\"hidden\" name=\"_wpcf7_container_post\" value=\"0\" \/>\n<input type=\"hidden\" name=\"_wpcf7_posted_data_hash\" value=\"\" \/>\n<\/div>\n<p>Your Name (required)\n<\/p>\n<p><span class=\"wpcf7-form-control-wrap\" data-name=\"your-name\"><input size=\"40\" class=\"wpcf7-form-control wpcf7-text wpcf7-validates-as-required\" aria-required=\"true\" aria-invalid=\"false\" value=\"\" type=\"text\" name=\"your-name\" \/><\/span>\n<\/p>\n<p>Your E-Mail-adress (required)\n<\/p>\n<p><span class=\"wpcf7-form-control-wrap\" data-name=\"your-email\"><input size=\"40\" class=\"wpcf7-form-control wpcf7-email wpcf7-validates-as-required wpcf7-text wpcf7-validates-as-email\" aria-required=\"true\" aria-invalid=\"false\" value=\"\" type=\"email\" name=\"your-email\" \/><\/span>\n<\/p>\n<p>Subject\n<\/p>\n<p><span class=\"wpcf7-form-control-wrap\" data-name=\"your-subject\"><input size=\"40\" class=\"wpcf7-form-control wpcf7-text\" aria-invalid=\"false\" value=\"\" type=\"text\" name=\"your-subject\" \/><\/span>\n<\/p>\n<p>Your Message\n<\/p>\n<p><span class=\"wpcf7-form-control-wrap\" data-name=\"your-message\"><textarea cols=\"40\" rows=\"10\" class=\"wpcf7-form-control wpcf7-textarea\" aria-invalid=\"false\" name=\"your-message\"><\/textarea><\/span>\n<\/p>\n<p><span class=\"wpcf7-form-control-wrap\" data-name=\"acceptance-815\"><span class=\"wpcf7-form-control wpcf7-acceptance\"><span class=\"wpcf7-list-item\"><input type=\"checkbox\" name=\"acceptance-815\" value=\"1\" aria-invalid=\"false\" \/><\/span><\/span><\/span> I have read the information on the contact form in the <a href=\"https:\/\/domovina-balkan.de\/en\/privacy-policy\">privacy policy<\/a> and I agree to them.<br \/>\n(Consent is required if you want to send us a message via the contact form)\n<\/p>\n<p><input class=\"wpcf7-form-control wpcf7-submit has-spinner\" type=\"submit\" value=\"Senden\" \/>\n<\/p><div class=\"wpcf7-response-output\" aria-hidden=\"true\"><\/div>\n<\/form>\n<\/div>\n\n<\/div>\n<h1>Location<\/h1>\n<ul>\n<li>\n<p>48.1229,11.4487<\/p>\n<\/li>\n<li>\n<p>48.1204,11.4480<\/p>\n<\/li>\n<\/ul>\n<ul>\n<li>\n        <a href=\"\/en\/contact\/\">Contact<\/a>\n    <\/li>\n<li>\n        <a href=\"\/en\/about-us\/\">Imprint<\/a>\n    <\/li>\n<li>\n        <a href=\"\/en\/privacy-policy\/\">Privacy policy<\/a>\n    <\/li>\n<li>\n        <a href=\"\/en\/wp-content\/uploads\/2017\/06\/domovina-agb.pdf\">Conditions &#038; Terms<\/a>\n    <\/li>\n<\/ul>\n<p><!--more--><br \/>\n<!-- {\"children\":[{\"type\":\"section\",\"props\":{\"style\":\"secondary\",\"width\":\"default\",\"vertical_align\":\"middle\",\"title_position\":\"top-left\",\"title_rotation\":\"left\",\"title_breakpoint\":\"xl\",\"image_position\":\"center-center\",\"padding_remove_top\":true,\"padding_remove_bottom\":true},\"children\":[{\"type\":\"row\",\"children\":[{\"type\":\"column\",\"props\":{\"image_position\":\"center-center\",\"media_overlay_gradient\":\"\"},\"children\":[{\"type\":\"grid\",\"props\":{\"show_title\":false,\"show_meta\":false,\"show_content\":true,\"show_image\":true,\"show_link\":false,\"grid_default\":\"1\",\"grid_medium\":\"3\",\"filter_style\":\"tab\",\"filter_all\":true,\"filter_position\":\"top\",\"filter_align\":\"left\",\"filter_grid_width\":\"auto\",\"filter_grid_breakpoint\":\"m\",\"title_hover_style\":\"reset\",\"title_element\":\"h3\",\"title_align\":\"top\",\"title_grid_width\":\"1-2\",\"title_grid_breakpoint\":\"m\",\"meta_style\":\"meta\",\"meta_align\":\"below-title\",\"meta_element\":\"div\",\"content_column_breakpoint\":\"m\",\"icon_width\":\"80\",\"image_align\":\"left\",\"image_grid_width\":\"auto\",\"image_grid_breakpoint\":\"m\",\"image_svg_color\":\"emphasis\",\"link_text\":\"Read more\",\"link_style\":\"default\",\"margin\":\"default\",\"item_animation\":\"\",\"grid_row_align\":true,\"grid_column_align\":true,\"content_align\":false,\"image_grid_column_gap\":\"collapse\",\"image_grid_row_gap\":\"collapse\",\"image_vertical_align\":true,\"grid_column_gap\":\"collapse\",\"grid_row_gap\":\"collapse\"},\"children\":[{\"type\":\"grid_item\",\"props\":{\"content\":\"\n\n<h3 class=\\\"uk-text-center\\\" data-id=\\\"page#0-0-0-0\\\"><img class=\\\"alignnone wp-image-632\\\" src=\\\"https:\\\/\\\/domovina-balkan.de\\\/wp-content\\\/uploads\\\/2021\\\/01\\\/telefon.png\\\" alt=\\\"\\\" width=\\\"50\\\" height=\\\"50\\\" \\\/> \\u00a0<a href=\\\"tel:+498958 90 97 77\\\">+49 (0)89 \\\/ 58 90 97 77<\\\/a><\\\/h3>\",\"image\":\"\"}},{\"type\":\"grid_item\",\"props\":{\"content\":\"\n\n<h3 class=\\\"uk-text-center\\\" data-id=\\\"page#0-0-0-0\\\"><img class=\\\"alignnone wp-image-631\\\" src=\\\"https:\\\/\\\/domovina-balkan.de\\\/wp-content\\\/uploads\\\/2021\\\/01\\\/phone.png\\\" alt=\\\"\\\" width=\\\"50\\\" height=\\\"50\\\" \\\/> \\u00a0<a href=\\\"tel:4915111 54 12 78\\\">+49 (0)151 \\\/ 11 54 12 78<\\\/a><\\\/h3>\",\"image\":\"\"}},{\"type\":\"grid_item\",\"props\":{\"content\":\"\n\n<h3 class=\\\"uk-text-center\\\" data-id=\\\"page#0-0-0-0\\\"><img class=\\\"alignnone wp-image-633\\\" src=\\\"https:\\\/\\\/domovina-balkan.de\\\/wp-content\\\/uploads\\\/2021\\\/01\\\/mail.png\\\" alt=\\\"\\\" width=\\\"50\\\" height=\\\"50\\\" \\\/>\\u00a0 <a href=\\\"mailto:info@domovina-balkan.de\\\">info@domovina-balkan.de<\\\/a><\\\/h3>\",\"image\":\"\"}}]},{\"type\":\"text\",\"props\":{\"margin\":\"default\",\"column_breakpoint\":\"m\",\"content\":\"\n\n<h3>Domovina GmbH - Lohenstr. 12 - 82166 Gr\\u00e4felfing b. M\\u00fcnchen<\\\/h3>\",\"text_style\":\"lead\",\"text_color\":\"emphasis\",\"text_align\":\"center\"}}]}]}]},{\"name\":\"Hero\",\"type\":\"section\",\"props\":{\"style\":\"muted\",\"width\":\"\",\"vertical_align\":\"bottom\",\"title_position\":\"top-left\",\"title_rotation\":\"left\",\"title_breakpoint\":\"xl\",\"image_position\":\"center-center\",\"header_transparent\":\"dark\",\"padding_remove_bottom\":true,\"padding_remove_top\":false},\"children\":[{\"name\":\"\",\"type\":\"row\",\"props\":{\"margin\":\"large\"},\"children\":[{\"name\":\"\",\"type\":\"column\",\"props\":{\"image_position\":\"center-center\",\"media_overlay_gradient\":\"\",\"width_medium\":\"1-1\",\"vertical_align\":\"middle\",\"style\":\"default\",\"padding\":\"none\"},\"children\":[{\"type\":\"headline\",\"props\":{\"title_element\":\"h1\",\"margin\":\"large\",\"text_align\":\"center\",\"content\":\"Taste from the nature<br \\\/><span class=\\\"uk-text-primary\\\">Okus iz Prirode<\\\/span>\",\"title_decoration\":\"line\"}}]}]}]},{\"type\":\"section\",\"props\":{\"style\":\"muted\",\"width\":\"xlarge\",\"vertical_align\":\"middle\",\"title_position\":\"top-left\",\"title_rotation\":\"left\",\"title_breakpoint\":\"xl\",\"image_position\":\"bottom-center\",\"padding\":\"small\",\"padding_remove_top\":false,\"image\":\"\"},\"children\":[{\"type\":\"row\",\"props\":{\"width\":\"xlarge\",\"column_gap\":\"collapse\",\"row_gap\":\"small\",\"margin_remove_bottom\":false,\"margin_remove_top\":false},\"children\":[{\"type\":\"column\",\"props\":{\"image_position\":\"center-center\",\"media_overlay_gradient\":\"\",\"vertical_align\":\"middle\",\"width_medium\":\"\",\"image\":\"\",\"style\":\"default\"},\"children\":[{\"type\":\"text\",\"props\":{\"margin\":\"default\",\"column_breakpoint\":\"m\",\"content\":\"\n\n<h2 style=\\\"text-align: center;\\\">Contact<\\\/h2>\\n\n\n<h3>DOMOVINA GmbH<\\\/h3>\\n\n\n<p>Lohenstr. 12<br \\\/>82166 Gr\\u00e4felfing b. M\\u00fcnchen<\\\/p>\\n\n\n<p>Tel: <a href=\\\"tel:+498958909777\\\">+49 89 \\\/ 58 90 97 77<\\\/a><\\\/p>\\n\n\n<p>Mobil: <a href=\\\"tel:+4915111541278\\\">+49 151 \\\/ 11 54 12 78<\\\/a><\\\/p>\\n\n\n<p>Fax: +49 89 \\\/ 58 90 97 78<\\\/p>\\n\n\n<p>E-Mail: info@domovina-balkan.de<\\\/p>\\n\n\n<hr \\\/>\\n\n\n<p>[contact-form-7 id=\\\"47\\\" title=\\\"Contact\\\"]<\\\/p>\",\"text_style\":\"lead\",\"text_align\":\"center\"}}]}]}],\"name\":\"Hersteller\"},{\"type\":\"section\",\"props\":{\"style\":\"muted\",\"width\":\"xlarge\",\"vertical_align\":\"middle\",\"title_position\":\"center-left\",\"title_rotation\":\"left\",\"title_breakpoint\":\"xl\",\"image_position\":\"center-center\",\"padding\":\"small\",\"padding_remove_bottom\":false,\"title\":\"\"},\"children\":[{\"type\":\"row\",\"props\":{\"width\":\"xlarge\"},\"children\":[{\"type\":\"column\",\"props\":{\"image_position\":\"center-center\",\"media_overlay_gradient\":\"\",\"width_medium\":\"1-1\"},\"children\":[{\"type\":\"headline\",\"props\":{\"title_element\":\"h1\",\"text_align\":\"center\",\"title_decoration\":\"line\",\"content\":\"Location\"}}]}]},{\"name\":\"\",\"type\":\"row\",\"props\":{\"margin\":\"xlarge\",\"divider\":false,\"margin_remove_top\":true,\"match\":true},\"children\":[{\"name\":\"\",\"type\":\"column\",\"props\":{\"image_position\":\"center-center\",\"media_overlay_gradient\":\"\",\"width_medium\":\"\",\"vertical_align\":\"middle\"},\"children\":[{\"type\":\"map\",\"props\":{\"show_title\":false,\"type\":\"roadmap\",\"zoom\":16,\"controls\":true,\"zooming\":true,\"dragging\":false,\"height\":\"700\",\"styler_hue\":\"#9FE956\",\"width\":\"1200\",\"maxwidth\":\"2xlarge\",\"block_align\":\"center\",\"animation\":\"fade\",\"show_meta\":true,\"show_content\":true,\"show_image\":true,\"show_link\":true,\"min_zoom\":0,\"max_zoom\":18,\"title_hover_style\":\"reset\",\"title_element\":\"h3\",\"meta_style\":\"meta\",\"meta_align\":\"below-title\",\"meta_element\":\"div\",\"image_svg_color\":\"emphasis\",\"link_text\":\"Read more\",\"link_style\":\"default\",\"margin\":\"default\"},\"children\":[{\"type\":\"map_item\",\"props\":{\"location\":\"48.1229,11.4487\",\"hide\":true}},{\"type\":\"map_item\",\"props\":{\"location\":\"48.1204,11.4480\"}}]}]}]}],\"name\":\"Journal\"},{\"type\":\"section\",\"props\":{\"style\":\"secondary\",\"width\":\"default\",\"vertical_align\":\"middle\",\"title_position\":\"top-left\",\"title_rotation\":\"left\",\"title_breakpoint\":\"xl\",\"image_position\":\"center-center\"},\"children\":[{\"type\":\"row\",\"children\":[{\"type\":\"column\",\"props\":{\"image_position\":\"center-center\",\"media_overlay_gradient\":\"\"},\"children\":[{\"type\":\"subnav\",\"props\":{\"subnav_style\":\"divider\",\"text_align\":\"center\"},\"children\":[{\"type\":\"subnav_item\",\"props\":{\"content\":\"Contact\",\"link\":\"contact\\\/\"}},{\"type\":\"subnav_item\",\"props\":{\"content\":\"Imprint\",\"link\":\"about-us\\\/\"}},{\"type\":\"subnav_item\",\"props\":{\"content\":\"Privacy policy\",\"link\":\"privacy-policy\\\/\"}},{\"type\":\"subnav_item\",\"props\":{\"content\":\"Conditions & Terms\",\"link\":\"wp-content\\\/uploads\\\/2017\\\/06\\\/domovina-agb.pdf\"}}],\"modified\":\"2021-04-21T20:55:49.733Z\",\"name\":\"Subnab-eng\"}]}]}]}],\"version\":\"2.4.12\",\"type\":\"layout\"} --><\/p>\n","protected":false},"excerpt":{"rendered":"<p>\u00a0+49 (0)89 \/ 58 90 97 77 \u00a0+49 (0)151 \/ 11 54 12 78 \u00a0 info@domovina-balkan.de Domovina GmbH &#8211; Lohenstr. 12 &#8211; 82166 Gr\u00e4felfing b. M\u00fcnchen Taste from the natureOkus iz Prirode Contact DOMOVINA GmbH Lohenstr. 1282166 Gr\u00e4felfing b. M\u00fcnchen Tel: +49 89 \/ 58 90 97 77 Mobil: +49 151 \/ 11 54 12 [&hellip;]<\/p>\n","protected":false},"author":1,"featured_media":0,"parent":0,"menu_order":0,"comment_status":"closed","ping_status":"closed","template":"","meta":{"footnotes":""},"yoast_head":"<!-- This site is optimized with the Yoast SEO plugin v21.9.1 - https:\/\/yoast.com\/wordpress\/plugins\/seo\/ -->\n<title>Contact - Domovina Gmbh English<\/title>\n<meta name=\"robots\" content=\"index, follow, max-snippet:-1, max-image-preview:large, max-video-preview:-1\" \/>\n<link rel=\"canonical\" href=\"https:\/\/domovina-balkan.de\/en\/contact\/\" \/>\n<meta property=\"og:locale\" content=\"de_DE\" \/>\n<meta property=\"og:type\" content=\"article\" \/>\n<meta property=\"og:title\" content=\"Contact - Domovina Gmbh English\" \/>\n<meta property=\"og:description\" content=\"\u00a0+49 (0)89 \/ 58 90 97 77 \u00a0+49 (0)151 \/ 11 54 12 78 \u00a0 info@domovina-balkan.de Domovina GmbH &#8211; Lohenstr. 12 &#8211; 82166 Gr\u00e4felfing b. M\u00fcnchen Taste from the natureOkus iz Prirode Contact DOMOVINA GmbH Lohenstr. 1282166 Gr\u00e4felfing b. M\u00fcnchen Tel: +49 89 \/ 58 90 97 77 Mobil: +49 151 \/ 11 54 12 [&hellip;]\" \/>\n<meta property=\"og:url\" content=\"https:\/\/domovina-balkan.de\/en\/contact\/\" \/>\n<meta property=\"og:site_name\" content=\"Domovina Gmbh English\" \/>\n<meta property=\"article:modified_time\" content=\"2021-04-21T20:58:56+00:00\" \/>\n<meta property=\"og:image\" content=\"https:\/\/domovina-balkan.de\/wp-content\/uploads\/2021\/01\/telefon.png\" \/>\n<meta name=\"twitter:card\" content=\"summary_large_image\" \/>\n<script type=\"application\/ld+json\" class=\"yoast-schema-graph\">{\"@context\":\"https:\/\/schema.org\",\"@graph\":[{\"@type\":\"WebPage\",\"@id\":\"https:\/\/domovina-balkan.de\/en\/contact\/\",\"url\":\"https:\/\/domovina-balkan.de\/en\/contact\/\",\"name\":\"Contact - Domovina Gmbh English\",\"isPartOf\":{\"@id\":\"https:\/\/domovina-balkan.de\/en\/#website\"},\"datePublished\":\"2016-03-08T21:25:40+00:00\",\"dateModified\":\"2021-04-21T20:58:56+00:00\",\"breadcrumb\":{\"@id\":\"https:\/\/domovina-balkan.de\/en\/contact\/#breadcrumb\"},\"inLanguage\":\"de\",\"potentialAction\":[{\"@type\":\"ReadAction\",\"target\":[\"https:\/\/domovina-balkan.de\/en\/contact\/\"]}]},{\"@type\":\"BreadcrumbList\",\"@id\":\"https:\/\/domovina-balkan.de\/en\/contact\/#breadcrumb\",\"itemListElement\":[{\"@type\":\"ListItem\",\"position\":1,\"name\":\"Home\",\"item\":\"https:\/\/domovina-balkan.de\/en\/\"},{\"@type\":\"ListItem\",\"position\":2,\"name\":\"Contact\"}]},{\"@type\":\"WebSite\",\"@id\":\"https:\/\/domovina-balkan.de\/en\/#website\",\"url\":\"https:\/\/domovina-balkan.de\/en\/\",\"name\":\"Domovina Gmbh English\",\"description\":\"Eine weitere Domovina GmbH Websites-Website\",\"potentialAction\":[{\"@type\":\"SearchAction\",\"target\":{\"@type\":\"EntryPoint\",\"urlTemplate\":\"https:\/\/domovina-balkan.de\/en\/?s={search_term_string}\"},\"query-input\":\"required name=search_term_string\"}],\"inLanguage\":\"de\"}]}<\/script>\n<!-- \/ Yoast SEO plugin. -->","yoast_head_json":{"title":"Contact - Domovina Gmbh English","robots":{"index":"index","follow":"follow","max-snippet":"max-snippet:-1","max-image-preview":"max-image-preview:large","max-video-preview":"max-video-preview:-1"},"canonical":"https:\/\/domovina-balkan.de\/en\/contact\/","og_locale":"de_DE","og_type":"article","og_title":"Contact - Domovina Gmbh English","og_description":"\u00a0+49 (0)89 \/ 58 90 97 77 \u00a0+49 (0)151 \/ 11 54 12 78 \u00a0 info@domovina-balkan.de Domovina GmbH &#8211; Lohenstr. 12 &#8211; 82166 Gr\u00e4felfing b. M\u00fcnchen Taste from the natureOkus iz Prirode Contact DOMOVINA GmbH Lohenstr. 1282166 Gr\u00e4felfing b. M\u00fcnchen Tel: +49 89 \/ 58 90 97 77 Mobil: +49 151 \/ 11 54 12 [&hellip;]","og_url":"https:\/\/domovina-balkan.de\/en\/contact\/","og_site_name":"Domovina Gmbh English","article_modified_time":"2021-04-21T20:58:56+00:00","og_image":[{"url":"https:\/\/domovina-balkan.de\/wp-content\/uploads\/2021\/01\/telefon.png"}],"twitter_card":"summary_large_image","schema":{"@context":"https:\/\/schema.org","@graph":[{"@type":"WebPage","@id":"https:\/\/domovina-balkan.de\/en\/contact\/","url":"https:\/\/domovina-balkan.de\/en\/contact\/","name":"Contact - Domovina Gmbh English","isPartOf":{"@id":"https:\/\/domovina-balkan.de\/en\/#website"},"datePublished":"2016-03-08T21:25:40+00:00","dateModified":"2021-04-21T20:58:56+00:00","breadcrumb":{"@id":"https:\/\/domovina-balkan.de\/en\/contact\/#breadcrumb"},"inLanguage":"de","potentialAction":[{"@type":"ReadAction","target":["https:\/\/domovina-balkan.de\/en\/contact\/"]}]},{"@type":"BreadcrumbList","@id":"https:\/\/domovina-balkan.de\/en\/contact\/#breadcrumb","itemListElement":[{"@type":"ListItem","position":1,"name":"Home","item":"https:\/\/domovina-balkan.de\/en\/"},{"@type":"ListItem","position":2,"name":"Contact"}]},{"@type":"WebSite","@id":"https:\/\/domovina-balkan.de\/en\/#website","url":"https:\/\/domovina-balkan.de\/en\/","name":"Domovina Gmbh English","description":"Eine weitere Domovina GmbH Websites-Website","potentialAction":[{"@type":"SearchAction","target":{"@type":"EntryPoint","urlTemplate":"https:\/\/domovina-balkan.de\/en\/?s={search_term_string}"},"query-input":"required name=search_term_string"}],"inLanguage":"de"}]}},"_links":{"self":[{"href":"https:\/\/domovina-balkan.de\/en\/wp-json\/wp\/v2\/pages\/44"}],"collection":[{"href":"https:\/\/domovina-balkan.de\/en\/wp-json\/wp\/v2\/pages"}],"about":[{"href":"https:\/\/domovina-balkan.de\/en\/wp-json\/wp\/v2\/types\/page"}],"author":[{"embeddable":true,"href":"https:\/\/domovina-balkan.de\/en\/wp-json\/wp\/v2\/users\/1"}],"replies":[{"embeddable":true,"href":"https:\/\/domovina-balkan.de\/en\/wp-json\/wp\/v2\/comments?post=44"}],"version-history":[{"count":9,"href":"https:\/\/domovina-balkan.de\/en\/wp-json\/wp\/v2\/pages\/44\/revisions"}],"predecessor-version":[{"id":403,"href":"https:\/\/domovina-balkan.de\/en\/wp-json\/wp\/v2\/pages\/44\/revisions\/403"}],"wp:attachment":[{"href":"https:\/\/domovina-balkan.de\/en\/wp-json\/wp\/v2\/media?parent=44"}],"curies":[{"name":"wp","href":"https:\/\/api.w.org\/{rel}","templated":true}]}}